{"id":2243,"date":"2025-03-05T12:05:01","date_gmt":"2025-03-05T11:05:01","guid":{"rendered":"https:\/\/reservasprivadas.es\/producto\/consulting-visit\/"},"modified":"2025-03-05T12:05:01","modified_gmt":"2025-03-05T11:05:01","slug":"consulting-visit","status":"publish","type":"product","link":"https:\/\/reservasprivadas.es\/en\/producto\/consulting-visit\/","title":{"rendered":"Consulting Visit"},"content":{"rendered":"<p data-start=\"239\" data-end=\"458\">Discover the true potential of your farm with <strong data-start=\"295\" data-end=\"322\"> our<\/strong> <strong data-start=\"295\" data-end=\"322\"> AdvisoryVisit<\/strong>, an exclusive service designed for landowners who wish to preserve preserve biodiversity and improve the sustainability of their land.<br \/>\nOur experts at <strong data-start=\"481\" data-end=\"558\"> environmentalconservation, regenerative agriculture and ecosystem management<\/strong> will visit your farm to analyze its natural to analyze its natural characteristics and provide you with a complete diagnosis.<\/p>\n<p data-start=\"662\" data-end=\"1208\"><strong data-start=\"665\" data-end=\"692\">What does the visit include?<\/strong><br data-start=\"692\" data-end=\"695\">\u00e2\u0153\u201d\u00ef\u00b8\u008f Biodiversity assessment: identification of flora and fauna present.<br data-start=\"771\" data-end=\"774\">\u00e2\u0153\u201d\u00ef\u00b8\u008f Review of opportunities to implement <strong data-start=\"820\" data-end=\"884\"> regenerative agriculture and sustainable livestock practices<\/strong>.<br data-start=\"885\" data-end=\"888\">\u00e2\u0153\u201d\u00ef\u00b8\u008f Diagnosis of <strong data-start=\"909\" data-end=\"929\"> water management<\/strong>, soil conservation and possible ecological restoration strategies.<br data-start=\"1003\" data-end=\"1006\">\u00e2\u0153\u201d\u00ef\u00b8\u008f Advice on the <strong data-start=\"1026\" data-end=\"1084\">recovery of traditional architectural heritage<\/strong> on the farm.<br data-start=\"1097\" data-end=\"1100\">\u00e2\u0153\u201d\u00ef\u00b8\u008f Personalized proposals for the improvement of the territory, aligned with its environmental and productive value.<\/p>\n<p data-start=\"1210\" data-end=\"1583\">\u00f0\u0178\u0152\u00bf <strong data-start=\"1213\" data-end=\"1245\">Benefits of this service:<\/strong><br data-start=\"1245\" data-end=\"1248\">\u00e2\u0153\u2026 Know the current state of your farm from an ecological and sustainable perspective.<br data-start=\"1332\" data-end=\"1335\">\u00e2\u0153\u2026 Receive recommendations based on <strong data-start=\"1372\" data-end=\"1431\">conservation and ecosystem restoration practices<\/strong>.<br data-start=\"1432\" data-end=\"1435\">\u00e2\u0153\u2026 Identify opportunities to improve profitability with sustainable techniques.<br data-start=\"1517\" data-end=\"1520\">\u00e2\u0153\u2026 Preserve the natural and cultural heritage of your property.<\/p>\n","protected":false},"excerpt":{"rendered":"<p data-start=\"1868\" data-end=\"2028\">We analyze the state of your farm and offer you a sustainable action plan to a sustainable action plan to improve biodiversity, water management and regenerative agriculture.<\/p>\n<p data-start=\"2030\" data-end=\"2147\">\u00e2\u0153\u201d\u00ef\u00b8\u008f Evaluation of flora and fauna.<br data-start=\"2061\" data-end=\"2064\">\u00e2\u0153\u201d\u00ef\u00b8\u008f Soil and water diagnostics.<br data-start=\"2096\" data-end=\"2099\">\u00e2\u0153\u201d\u00ef\u00b8\u008f Conservation and restoration strategies.<\/p>\n","protected":false},"featured_media":2146,"template":"","meta":[],"product_brand":[],"product_cat":[38],"product_tag":[],"class_list":{"0":"post-2243","1":"product","2":"type-product","3":"status-publish","4":"has-post-thumbnail","6":"product_cat-sin-categoria","8":"first","9":"instock","10":"taxable","11":"shipping-taxable","12":"purchasable","13":"product-type-simple"},"yoast_head":"<!-- This site is optimized with the Yoast SEO plugin v26.8 - https:\/\/yoast.com\/product\/yoast-seo-wordpress\/ -->\n<title>Consulting Visit - Reservas Naturales Privadas<\/title>\n<meta name=\"description\" content=\"Discover how to improve the biodiversity and sustainability of your farm with our advisory visit. Analysis of flora, fauna and water management.\" \/>\n<meta name=\"robots\" content=\"index, follow, max-snippet:-1, max-image-preview:large, max-video-preview:-1\" \/>\n<link rel=\"canonical\" href=\"https:\/\/reservasprivadas.es\/en\/producto\/consulting-visit\/\" \/>\n<meta property=\"og:locale\" content=\"en_US\" \/>\n<meta property=\"og:type\" content=\"article\" \/>\n<meta property=\"og:title\" content=\"Consulting Visit - Reservas Naturales Privadas\" \/>\n<meta property=\"og:description\" content=\"Discover how to improve the biodiversity and sustainability of your farm with our advisory visit. Analysis of flora, fauna and water management.\" \/>\n<meta property=\"og:url\" content=\"https:\/\/reservasprivadas.es\/en\/producto\/consulting-visit\/\" \/>\n<meta property=\"og:site_name\" content=\"Reservas Naturales Privadas\" \/>\n<meta property=\"og:image\" content=\"https:\/\/reservasprivadas.es\/wp-content\/uploads\/2025\/03\/Estrategias-de-Manejo-del-Agua-en-Propiedades-Rurales.webp\" \/>\n\t<meta property=\"og:image:width\" content=\"1500\" \/>\n\t<meta property=\"og:image:height\" content=\"1500\" \/>\n\t<meta property=\"og:image:type\" content=\"image\/webp\" \/>\n<meta name=\"twitter:card\" content=\"summary_large_image\" \/>\n<meta name=\"twitter:label1\" content=\"Est. reading time\" \/>\n\t<meta name=\"twitter:data1\" content=\"1 minute\" \/>\n<script type=\"application\/ld+json\" class=\"yoast-schema-graph\">{\"@context\":\"https:\/\/schema.org\",\"@graph\":[{\"@type\":\"WebPage\",\"@id\":\"https:\/\/reservasprivadas.es\/en\/producto\/consulting-visit\/\",\"url\":\"https:\/\/reservasprivadas.es\/en\/producto\/consulting-visit\/\",\"name\":\"Consulting Visit - Reservas Naturales Privadas\",\"isPartOf\":{\"@id\":\"https:\/\/reservasprivadas.es\/en\/#website\"},\"primaryImageOfPage\":{\"@id\":\"https:\/\/reservasprivadas.es\/en\/producto\/consulting-visit\/#primaryimage\"},\"image\":{\"@id\":\"https:\/\/reservasprivadas.es\/en\/producto\/consulting-visit\/#primaryimage\"},\"thumbnailUrl\":\"https:\/\/reservasprivadas.es\/wp-content\/uploads\/2025\/03\/Estrategias-de-Manejo-del-Agua-en-Propiedades-Rurales.webp\",\"datePublished\":\"2025-03-05T11:05:01+00:00\",\"description\":\"Discover how to improve the biodiversity and sustainability of your farm with our advisory visit. Analysis of flora, fauna and water management.\",\"breadcrumb\":{\"@id\":\"https:\/\/reservasprivadas.es\/en\/producto\/consulting-visit\/#breadcrumb\"},\"inLanguage\":\"en-US\",\"potentialAction\":[{\"@type\":\"ReadAction\",\"target\":[\"https:\/\/reservasprivadas.es\/en\/producto\/consulting-visit\/\"]}]},{\"@type\":\"ImageObject\",\"inLanguage\":\"en-US\",\"@id\":\"https:\/\/reservasprivadas.es\/en\/producto\/consulting-visit\/#primaryimage\",\"url\":\"https:\/\/reservasprivadas.es\/wp-content\/uploads\/2025\/03\/Estrategias-de-Manejo-del-Agua-en-Propiedades-Rurales.webp\",\"contentUrl\":\"https:\/\/reservasprivadas.es\/wp-content\/uploads\/2025\/03\/Estrategias-de-Manejo-del-Agua-en-Propiedades-Rurales.webp\",\"width\":1500,\"height\":1500,\"caption\":\"Water Management Strategies on Rural Properties\"},{\"@type\":\"BreadcrumbList\",\"@id\":\"https:\/\/reservasprivadas.es\/en\/producto\/consulting-visit\/#breadcrumb\",\"itemListElement\":[{\"@type\":\"ListItem\",\"position\":1,\"name\":\"Portada\",\"item\":\"https:\/\/reservasprivadas.es\/en\/\"},{\"@type\":\"ListItem\",\"position\":2,\"name\":\"Consultation Advisory Visit\",\"item\":\"https:\/\/reservasprivadas.es\/en\/consultation-advisory-visit\/\"},{\"@type\":\"ListItem\",\"position\":3,\"name\":\"Consulting Visit\"}]},{\"@type\":\"WebSite\",\"@id\":\"https:\/\/reservasprivadas.es\/en\/#website\",\"url\":\"https:\/\/reservasprivadas.es\/en\/\",\"name\":\"Reservas Naturales Privadas\",\"description\":\"Consultor\u00c3\u00ada ambiental para la conservaci\u00c3\u00b3n de fincas, biodiversidad y patrimonio natural.\",\"publisher\":{\"@id\":\"https:\/\/reservasprivadas.es\/en\/#organization\"},\"potentialAction\":[{\"@type\":\"SearchAction\",\"target\":{\"@type\":\"EntryPoint\",\"urlTemplate\":\"https:\/\/reservasprivadas.es\/en\/?s={search_term_string}\"},\"query-input\":{\"@type\":\"PropertyValueSpecification\",\"valueRequired\":true,\"valueName\":\"search_term_string\"}}],\"inLanguage\":\"en-US\"},{\"@type\":\"Organization\",\"@id\":\"https:\/\/reservasprivadas.es\/en\/#organization\",\"name\":\"Reservas Naturales Privadas\",\"url\":\"https:\/\/reservasprivadas.es\/en\/\",\"logo\":{\"@type\":\"ImageObject\",\"inLanguage\":\"en-US\",\"@id\":\"https:\/\/reservasprivadas.es\/en\/#\/schema\/logo\/image\/\",\"url\":\"https:\/\/reservasprivadas.es\/wp-content\/uploads\/2025\/02\/cropped-Consultoria-Ambiental-para-Fincas-Privadas.webp\",\"contentUrl\":\"https:\/\/reservasprivadas.es\/wp-content\/uploads\/2025\/02\/cropped-Consultoria-Ambiental-para-Fincas-Privadas.webp\",\"width\":1997,\"height\":1388,\"caption\":\"Reservas Naturales Privadas\"},\"image\":{\"@id\":\"https:\/\/reservasprivadas.es\/en\/#\/schema\/logo\/image\/\"},\"sameAs\":[\"https:\/\/www.instagram.com\/reservas.privadas\/\"]}]}<\/script>\n<!-- \/ Yoast SEO plugin. -->","yoast_head_json":{"title":"Consulting Visit - Reservas Naturales Privadas","description":"Discover how to improve the biodiversity and sustainability of your farm with our advisory visit. Analysis of flora, fauna and water management.","robots":{"index":"index","follow":"follow","max-snippet":"max-snippet:-1","max-image-preview":"max-image-preview:large","max-video-preview":"max-video-preview:-1"},"canonical":"https:\/\/reservasprivadas.es\/en\/producto\/consulting-visit\/","og_locale":"en_US","og_type":"article","og_title":"Consulting Visit - Reservas Naturales Privadas","og_description":"Discover how to improve the biodiversity and sustainability of your farm with our advisory visit. Analysis of flora, fauna and water management.","og_url":"https:\/\/reservasprivadas.es\/en\/producto\/consulting-visit\/","og_site_name":"Reservas Naturales Privadas","og_image":[{"width":1500,"height":1500,"url":"https:\/\/reservasprivadas.es\/wp-content\/uploads\/2025\/03\/Estrategias-de-Manejo-del-Agua-en-Propiedades-Rurales.webp","type":"image\/webp"}],"twitter_card":"summary_large_image","twitter_misc":{"Est. reading time":"1 minute"},"schema":{"@context":"https:\/\/schema.org","@graph":[{"@type":"WebPage","@id":"https:\/\/reservasprivadas.es\/en\/producto\/consulting-visit\/","url":"https:\/\/reservasprivadas.es\/en\/producto\/consulting-visit\/","name":"Consulting Visit - Reservas Naturales Privadas","isPartOf":{"@id":"https:\/\/reservasprivadas.es\/en\/#website"},"primaryImageOfPage":{"@id":"https:\/\/reservasprivadas.es\/en\/producto\/consulting-visit\/#primaryimage"},"image":{"@id":"https:\/\/reservasprivadas.es\/en\/producto\/consulting-visit\/#primaryimage"},"thumbnailUrl":"https:\/\/reservasprivadas.es\/wp-content\/uploads\/2025\/03\/Estrategias-de-Manejo-del-Agua-en-Propiedades-Rurales.webp","datePublished":"2025-03-05T11:05:01+00:00","description":"Discover how to improve the biodiversity and sustainability of your farm with our advisory visit. Analysis of flora, fauna and water management.","breadcrumb":{"@id":"https:\/\/reservasprivadas.es\/en\/producto\/consulting-visit\/#breadcrumb"},"inLanguage":"en-US","potentialAction":[{"@type":"ReadAction","target":["https:\/\/reservasprivadas.es\/en\/producto\/consulting-visit\/"]}]},{"@type":"ImageObject","inLanguage":"en-US","@id":"https:\/\/reservasprivadas.es\/en\/producto\/consulting-visit\/#primaryimage","url":"https:\/\/reservasprivadas.es\/wp-content\/uploads\/2025\/03\/Estrategias-de-Manejo-del-Agua-en-Propiedades-Rurales.webp","contentUrl":"https:\/\/reservasprivadas.es\/wp-content\/uploads\/2025\/03\/Estrategias-de-Manejo-del-Agua-en-Propiedades-Rurales.webp","width":1500,"height":1500,"caption":"Water Management Strategies on Rural Properties"},{"@type":"BreadcrumbList","@id":"https:\/\/reservasprivadas.es\/en\/producto\/consulting-visit\/#breadcrumb","itemListElement":[{"@type":"ListItem","position":1,"name":"Portada","item":"https:\/\/reservasprivadas.es\/en\/"},{"@type":"ListItem","position":2,"name":"Consultation Advisory Visit","item":"https:\/\/reservasprivadas.es\/en\/consultation-advisory-visit\/"},{"@type":"ListItem","position":3,"name":"Consulting Visit"}]},{"@type":"WebSite","@id":"https:\/\/reservasprivadas.es\/en\/#website","url":"https:\/\/reservasprivadas.es\/en\/","name":"Reservas Naturales Privadas","description":"Consultor\u00c3\u00ada ambiental para la conservaci\u00c3\u00b3n de fincas, biodiversidad y patrimonio natural.","publisher":{"@id":"https:\/\/reservasprivadas.es\/en\/#organization"},"potentialAction":[{"@type":"SearchAction","target":{"@type":"EntryPoint","urlTemplate":"https:\/\/reservasprivadas.es\/en\/?s={search_term_string}"},"query-input":{"@type":"PropertyValueSpecification","valueRequired":true,"valueName":"search_term_string"}}],"inLanguage":"en-US"},{"@type":"Organization","@id":"https:\/\/reservasprivadas.es\/en\/#organization","name":"Reservas Naturales Privadas","url":"https:\/\/reservasprivadas.es\/en\/","logo":{"@type":"ImageObject","inLanguage":"en-US","@id":"https:\/\/reservasprivadas.es\/en\/#\/schema\/logo\/image\/","url":"https:\/\/reservasprivadas.es\/wp-content\/uploads\/2025\/02\/cropped-Consultoria-Ambiental-para-Fincas-Privadas.webp","contentUrl":"https:\/\/reservasprivadas.es\/wp-content\/uploads\/2025\/02\/cropped-Consultoria-Ambiental-para-Fincas-Privadas.webp","width":1997,"height":1388,"caption":"Reservas Naturales Privadas"},"image":{"@id":"https:\/\/reservasprivadas.es\/en\/#\/schema\/logo\/image\/"},"sameAs":["https:\/\/www.instagram.com\/reservas.privadas\/"]}]}},"_links":{"self":[{"href":"https:\/\/reservasprivadas.es\/en\/wp-json\/wp\/v2\/product\/2243","targetHints":{"allow":["GET"]}}],"collection":[{"href":"https:\/\/reservasprivadas.es\/en\/wp-json\/wp\/v2\/product"}],"about":[{"href":"https:\/\/reservasprivadas.es\/en\/wp-json\/wp\/v2\/types\/product"}],"wp:featuredmedia":[{"embeddable":true,"href":"https:\/\/reservasprivadas.es\/en\/wp-json\/wp\/v2\/media\/2146"}],"wp:attachment":[{"href":"https:\/\/reservasprivadas.es\/en\/wp-json\/wp\/v2\/media?parent=2243"}],"wp:term":[{"taxonomy":"product_brand","embeddable":true,"href":"https:\/\/reservasprivadas.es\/en\/wp-json\/wp\/v2\/product_brand?post=2243"},{"taxonomy":"product_cat","embeddable":true,"href":"https:\/\/reservasprivadas.es\/en\/wp-json\/wp\/v2\/product_cat?post=2243"},{"taxonomy":"product_tag","embeddable":true,"href":"https:\/\/reservasprivadas.es\/en\/wp-json\/wp\/v2\/product_tag?post=2243"}],"curies":[{"name":"wp","href":"https:\/\/api.w.org\/{rel}","templated":true}]}}